{"id":313,"date":"2015-06-22T11:49:13","date_gmt":"2015-06-22T09:49:13","guid":{"rendered":"http:\/\/tmp.nordsued.org\/?page_id=313"},"modified":"2024-03-13T15:19:43","modified_gmt":"2024-03-13T14:19:43","slug":"talks","status":"publish","type":"page","link":"https:\/\/tmp.nordsued.org\/?page_id=313","title":{"rendered":"talks"},"content":{"rendered":"<p>Talks and presentations held at various locations and institutions about current artistic production, with an emphasis on digital cultures as well as participatory and interventionist practice in public spaces.<\/p>\n<p>Vortr\u00e4ge und Pr\u00e4sentationen an unterschiedlichen Orten und Einrichtungen \u00fcber aktuelle k\u00fcnstlerische Produktion, mit den Schwerpunkten digitale Kulturen sowie partizipative und interventionistische Praxis in \u00f6ffentlichen R\u00e4umen.<\/p>\n<hr \/>\n<p><strong>Athens<\/strong> \u00b7 <span style=\"color: #999999;\"><strong>Greece<\/strong><\/span> \u2013 Diplareios School \u2680 Gazi Technopolis<\/p>\n<p><strong>Auckland <\/strong>\u00b7 <strong><span style=\"color: #999999;\">New Zealand<\/span><\/strong> \u2013 Moving Image Centre<\/p>\n<p><strong>Bandung<\/strong> \u00b7<strong>\u00a0<span style=\"color: #999999;\">Indonesia<\/span><\/strong> \u2013 Studio R66<\/p>\n<p><strong>Barcelona <\/strong>\u00b7<strong>\u00a0<span style=\"color: #999999;\">Spain <\/span><\/strong>\u2013 Caixa Forum<\/p>\n<p><strong>Beijing <\/strong>\u00b7<strong>\u00a0<span style=\"color: #999999;\">China <\/span><\/strong>\u2013 South Gate Space, Factory 798<\/p>\n<p><strong>Beirut <\/strong>\u00b7<strong>\u00a0<span style=\"color: #999999;\">Lebanon<\/span><\/strong> \u2013 Metropolis Empire, Centre Sofil<\/p>\n<p><strong>Berlin<\/strong> \u00b7<strong>\u00a0<span style=\"color: #999999;\">Germany<\/span><\/strong> \u2013 Akademie der K\u00fcnste \u2680 Arsenal Institute for Film and Video Art \u2680 Haus der Kulturen der Welt (HKW) \u2680 Podewils&#8217;sches Palais, Kulturprojekte Berlin<\/p>\n<p><strong>Bratislava <\/strong>\u00b7\u00a0<strong><span style=\"color: #999999;\">Slovakia<\/span><\/strong> \u2013 \u010cesk\u00e9 Centrum<\/p>\n<p><strong>Christchurch\u00a0<\/strong>\u00b7<strong>\u00a0<span style=\"color: #999999;\">New Zealand<\/span><\/strong> \u2013 The Physics Room<br \/>\n<strong><br \/>\nDortmund<\/strong> <span style=\"color: #000000;\">\u00b7<\/span>\u00a0<span style=\"color: #999999;\"><strong>Germany<\/strong><\/span> \u2013 Hartware MedienKunstVerein<\/p>\n<p><strong>Florence <\/strong>\u00b7<strong>\u00a0<span style=\"color: #999999;\">Italy<\/span>\u00a0<\/strong> \u2013 Fortezza da Basso, Festival della Creativit\u00e0<\/p>\n<p><strong>Glasgow <\/strong>\u00b7<strong>\u00a0<span style=\"color: #999999;\">United Kingdom<\/span><\/strong> \u2013 Centre for Contemporary Art<\/p>\n<p><strong>Havana <\/strong>\u00b7<strong>\u00a0<span style=\"color: #999999;\">Cuba<\/span><\/strong> \u2013 Fundaci\u00f3n Ludwig de Cuba<\/p>\n<p><strong>Hong<\/strong><strong><span style=\"color: #999999;\"> Kong<\/span><\/strong> \u2013 Goethe Institute Hong Kong \u2680 Microwave International Media Arts Festival \u2680 Cattle Depot Artist Village, Videotage Artists Collective<\/p>\n<p><strong>Kassel<\/strong> \u00b7\u00a0<span style=\"color: #999999;\"><strong>Germany<\/strong><\/span> \u2013 Museum Fridericianum, documenta-Halle<\/p>\n<p><strong>Kyoto <\/strong>\u00b7<strong>\u00a0<span style=\"color: #999999;\">Japan<\/span><\/strong> \u2013 Goethe Institute Kyoto<\/p>\n<p><strong>Malm\u00f6 <\/strong><span style=\"color: #000000;\">\u00b7<\/span><strong> <span style=\"color: #999999;\">Sweden<\/span><\/strong> \u2013 Malm\u00f6 Konsthall<\/p>\n<p><strong>Melbourne\u00a0<\/strong>\u00b7<strong> <span style=\"color: #999999;\">Australia<\/span><\/strong> \u2013 Australian Centre for the Moving Image<\/p>\n<p><strong>Mexico City <\/strong>\u00b7<strong>\u00a0<span style=\"color: #999999;\">Mexico<\/span><\/strong> \u2013 Laboratorio Arte Alameda<\/p>\n<p><strong>Minsk <\/strong>\u00b7<strong>\u00a0<span style=\"color: #999999;\">Belarus<\/span><\/strong> \u2013 Museum of the Belarusian Cinema History<br \/>\n<strong><br \/>\nM\u00fcnster\u00a0<\/strong>\u00b7<strong>\u00a0<span style=\"color: #999999;\">Germany<\/span><\/strong> \u2013 University of Fine Arts<\/p>\n<p><strong>New Delhi <\/strong>\u00b7<strong>\u00a0<span style=\"color: #999999;\">India<\/span><\/strong> \u2013 India International Centre \u2680 Jawaharlal Nehru University<\/p>\n<p><strong>Rotterdam <\/strong>\u00b7<strong>\u00a0<span style=\"color: #999999;\">The Netherlands<\/span><\/strong> \u2013 International Architecture Biennale \u2680 Netherlands Architecture Institute \u2680 V2_ Institute for the Unstable Media<\/p>\n<p><strong>Saint Petersburg <\/strong>\u00b7<strong>\u00a0<span style=\"color: #999999;\">Russia<\/span><\/strong> \u2013 Osen Art Festival<\/p>\n<p><strong>San Luis Potos\u00ed <\/strong>\u00b7<strong>\u00a0<span style=\"color: #999999;\">Mexico<\/span><\/strong> \u2013 Centro de Arte y Nuevas Tecnolog\u00edas<\/p>\n<p><strong>S\u00e3o Paulo <\/strong><span style=\"color: #000000;\">\u00b7<\/span><strong>\u00a0<span style=\"color: #999999;\">Brasil<\/span><\/strong> \u2013 Associa\u00e7\u00e3o Cultural Videobrasil<\/p>\n<p><strong>Sarajevo <\/strong>\u00b7<strong>\u00a0<span style=\"color: #999999;\">Bosnia &amp; Herzegovina<\/span><\/strong> \u2013 Centre for Contemporary Art<\/p>\n<p><strong>Split <\/strong>\u00b7<strong>\u00a0<span style=\"color: #999999;\">Croatia<\/span><\/strong> \u2013 split_connect project space<\/p>\n<p><strong>Sydney <\/strong>\u00b7<strong>\u00a0<span style=\"color: #999999;\">Australia<\/span><\/strong> \u2013 University of New South Wales, College of Fine Arts<\/p>\n<p><strong>Tokyo <\/strong>\u00b7<strong>\u00a0<span style=\"color: #999999;\">Japan<\/span><\/strong> \u2013 Image Forum<\/p>\n<p><strong>Tripoli <\/strong>\u00b7<strong>\u00a0<span style=\"color: #999999;\">Lebanon<\/span><\/strong> \u2013 Tripoli University<\/p>\n<p><strong>Urbino <\/strong><span style=\"color: #999999;\"><span style=\"color: #000000;\">\u00b7<\/span> <strong>Italy<\/strong><\/span> \u2013\u00a0<span id=\"_ctl0__ctl0__ctl3__ctl0_gmctrl_lInfoText\" class=\"ID_Body\">Sala del Maniscalco<\/span><\/p>\n<p><strong>Weimar\u00a0<\/strong><span style=\"color: #000000;\">\u00b7<\/span><strong>\u00a0<span style=\"color: #999999;\">Germany<\/span><\/strong> \u2013 e.werk<\/p>\n<p><strong>Wellington <\/strong>\u00b7<strong>\u00a0<span style=\"color: #999999;\">New Zealand<\/span><\/strong> \u2013 Massey University<\/p>\n","protected":false},"excerpt":{"rendered":"<p>Talks and presentations held at various locations and institutions about current artistic production, with an emphasis on digital cultures as well as participatory and interventionist practice in public spaces. Vortr\u00e4ge und Pr\u00e4sentationen an unterschiedlichen Orten und Einrichtungen \u00fcber aktuelle k\u00fcnstlerische Produktion, mit den Schwerpunkten digitale Kulturen sowie partizipative und interventionistische Praxis in \u00f6ffentlichen R\u00e4umen. Athens [&hellip;]<\/p>\n","protected":false},"author":1,"featured_media":0,"parent":110,"menu_order":4,"comment_status":"closed","ping_status":"closed","template":"","meta":{"footnotes":""},"_links":{"self":[{"href":"https:\/\/tmp.nordsued.org\/index.php?rest_route=\/wp\/v2\/pages\/313"}],"collection":[{"href":"https:\/\/tmp.nordsued.org\/index.php?rest_route=\/wp\/v2\/pages"}],"about":[{"href":"https:\/\/tmp.nordsued.org\/index.php?rest_route=\/wp\/v2\/types\/page"}],"author":[{"embeddable":true,"href":"https:\/\/tmp.nordsued.org\/index.php?rest_route=\/wp\/v2\/users\/1"}],"replies":[{"embeddable":true,"href":"https:\/\/tmp.nordsued.org\/index.php?rest_route=%2Fwp%2Fv2%2Fcomments&post=313"}],"version-history":[{"count":112,"href":"https:\/\/tmp.nordsued.org\/index.php?rest_route=\/wp\/v2\/pages\/313\/revisions"}],"predecessor-version":[{"id":2290,"href":"https:\/\/tmp.nordsued.org\/index.php?rest_route=\/wp\/v2\/pages\/313\/revisions\/2290"}],"up":[{"embeddable":true,"href":"https:\/\/tmp.nordsued.org\/index.php?rest_route=\/wp\/v2\/pages\/110"}],"wp:attachment":[{"href":"https:\/\/tmp.nordsued.org\/index.php?rest_route=%2Fwp%2Fv2%2Fmedia&parent=313"}],"curies":[{"name":"wp","href":"https:\/\/api.w.org\/{rel}","templated":true}]}}